{"id":905,"date":"2024-03-21T10:09:49","date_gmt":"2024-03-21T10:09:49","guid":{"rendered":"https:\/\/rijar.com\/politica-de-privacidad-2\/"},"modified":"2024-03-21T10:15:01","modified_gmt":"2024-03-21T10:15:01","slug":"aviso-legal","status":"publish","type":"page","link":"https:\/\/rijar.com\/?page_id=905","title":{"rendered":"Aviso Legal"},"content":{"rendered":"\t\t<div data-elementor-type=\"wp-page\" data-elementor-id=\"905\" class=\"elementor elementor-905\" data-elementor-post-type=\"page\">\n\t\t\t\t<div class=\"elementor-element elementor-element-1d8ebf3 e-con-full e-flex e-con e-parent\" data-id=\"1d8ebf3\" data-element_type=\"container\" data-e-type=\"container\" data-settings=\"{&quot;background_background&quot;:&quot;classic&quot;}\">\n\t\t\t\t<div class=\"elementor-element elementor-element-8c3885c elementor-invisible elementor-widget elementor-widget-heading\" data-id=\"8c3885c\" data-element_type=\"widget\" data-e-type=\"widget\" data-settings=\"{&quot;_animation&quot;:&quot;fadeInLeft&quot;}\" data-widget_type=\"heading.default\">\n\t\t\t\t<div class=\"elementor-widget-container\">\n\t\t\t\t\t<h1 class=\"elementor-heading-title elementor-size-default\">Aviso Legal<\/h1>\t\t\t\t<\/div>\n\t\t\t\t<\/div>\n\t\t\t\t<\/div>\n\t\t<div class=\"elementor-element elementor-element-2f3e07b e-con-full e-flex elementor-invisible e-con e-parent\" data-id=\"2f3e07b\" data-element_type=\"container\" data-e-type=\"container\" data-settings=\"{&quot;animation&quot;:&quot;fadeInUp&quot;}\">\n\t\t\t\t<div class=\"elementor-element elementor-element-bb6568e elementor-widget elementor-widget-text-editor\" data-id=\"bb6568e\" data-element_type=\"widget\" data-e-type=\"widget\" data-widget_type=\"text-editor.default\">\n\t\t\t\t<div class=\"elementor-widget-container\">\n\t\t\t\t\t\t\t\t\t<h2>I. OBJETO<\/h2><p>Las presentes Condiciones Generales de Uso y Pol\u00edtica de Privacidad (en adelante, las \u00abCondiciones Generales\u00bb) regulan el uso del sitio web https:\/\/rijar.com\u00a0 (en adelante, el Sitio Web) que RIJAR, CONSTRUCCI\u00d3N Y JARDINER\u00cdA, SL pone a disposici\u00f3n de las personas que accedan a su Sitio Web con el fin de proporcionales informaci\u00f3n sobre productos y servicios, propios y\/o de terceros colaboradores, y facilitarles el acceso a los mismos (todo ello denominado conjuntamente los \u00abServicios\u00bb).<\/p><p>Por la propia naturaleza del Sitio Web, as\u00ed como de su contenido y finalidad, la pr\u00e1ctica totalidad de la navegaci\u00f3n que se puede llevar a cabo por el mismo ha de hacerse gozando de la condici\u00f3n de Usuario NO Registrado, la cual se adquiere seg\u00fan los procedimientos recogidos en la misma. Por lo tanto, la citada condici\u00f3n de Usuario supone la adhesi\u00f3n a las Condiciones Generales en la versi\u00f3n publicada en el momento en que se acceda al Sitio Web. RIJAR, CONSTRUCCI\u00d3N Y JARDINER\u00cdA, SL se reserva el derecho de modificar, en cualquier momento, la presentaci\u00f3n y configuraci\u00f3n del Sitio Web, as\u00ed como las presentes Condiciones Generales. Por ello, RIJAR, CONSTRUCCI\u00d3N Y JARDINER\u00cdA, SL recomienda al Usuario leer el mismo atentamente cada vez que acceda al Sitio Web.<\/p><p>En cualquier caso, existen p\u00e1ginas del Sitio Web accesibles al p\u00fablico en general, respecto a las cuales RIJAR, CONSTRUCCI\u00d3N Y JARDINER\u00cdA, SL tambi\u00e9n desea cumplir con sus obligaciones legales, as\u00ed como regular el uso de las mismas. En este sentido, los usuarios que accedan a estas partes del Sitio Web aceptan quedar sometidos, por el hecho de acceder a las citadas p\u00e1ginas, por los t\u00e9rminos y condiciones recogidos en estas Condiciones Generales, en la medida que ello les pueda ser de aplicaci\u00f3n.<\/p><h2>II. ACCESO Y SEGURIDAD<\/h2><p>El acceso a los Servicios no requiere el registro previo de los usuarios, pasando a ser considerados como Usuario No Registrado.<\/p><h2>III. UTILIZACI\u00d3N CORRECTA DE LOS SERVICIOS<\/h2><p>El Usuario se obliga a usar los Servicios de forma diligente, correcta y l\u00edcita y, en particular, a t\u00edtulo meramente enunciativo y no limitativo, se compromete a abstenerse de:<\/p><p>(a) utilizar los Servicios de forma, con fines o efectos contrarios a la ley, a la moral y a las buenas costumbres generalmente aceptadas o al orden p\u00fablico;<\/p><p>(b) reproducir o copiar, distribuir, permitir el acceso del p\u00fablico a trav\u00e9s de cualquier modalidad de comunicaci\u00f3n p\u00fablica, transformar o modificar los Servicios, a menos que se cuente con la autorizaci\u00f3n del titular de los correspondientes derechos o ello resulte legalmente permitido;<\/p><p>(c) realizar cualquier acto que pueda ser considerado una vulneraci\u00f3n de cualesquiera derechos de propiedad intelectual o industrial pertenecientes a RIJAR, CONSTRUCCI\u00d3N Y JARDINER\u00cdA, SL o a terceros;<\/p><p>(d) emplear los Servicios y, en particular, la informaci\u00f3n de cualquier clase obtenida a trav\u00e9s del Sitio Web para remitir publicidad, comunicaciones con fines de venta directa o con cualquier otra clase de finalidad comercial, mensajes no solicitados dirigidos a una pluralidad de personas con independencia de su finalidad, as\u00ed como de comercializar o divulgar de cualquier modo dicha informaci\u00f3n;<\/p><p>El Usuario responder\u00e1 de los da\u00f1os y perjuicios de toda naturaleza que RIJAR, CONSTRUCCI\u00d3N Y JARDINER\u00cdA, SL pueda sufrir, con ocasi\u00f3n o como consecuencia del incumplimiento de cualquiera de las obligaciones anteriormente expuestas as\u00ed como cualesquiera otras incluidas en las presentes Condiciones Generales y\/o las impuestas por la Ley en relaci\u00f3n con la utilizaci\u00f3n del Sitio Web.<\/p><p>RIJAR, CONSTRUCCI\u00d3N Y JARDINER\u00cdA, SL velar\u00e1 en todo momento por el respeto del ordenamiento jur\u00eddico vigente, y estar\u00e1 legitimada para interrumpir, a su entera discreci\u00f3n, el Servicio o excluir al Usuario del Sitio Web en caso de presunta comisi\u00f3n, completa o incompleta, de alguno de los delitos o faltas tipificados por el C\u00f3digo Penal vigente, o en caso de observar cualesquiera conductas que a juicio de RIJAR, CONSTRUCCI\u00d3N Y JARDINER\u00cdA, SL resulten contrarias a estas Condiciones Generales. Las Condiciones Generales que operan para este Sitio Web, la Ley, las normas establecidas por RIJAR, CONSTRUCCI\u00d3N Y JARDINER\u00cdA, SL o sus colaboradores o puedan perturbar el buen funcionamiento, imagen, credibilidad y\/o prestigio de RIJAR, CONSTRUCCI\u00d3N Y JARDINER\u00cdA, SL o sus colaboradores.<\/p><h2>IV. DERECHOS DE PROPIEDAD<\/h2><p>Todos los contenidos del Sitio Web, tales como textos, gr\u00e1ficos, fotograf\u00edas, logotipos, iconos, im\u00e1genes, as\u00ed como el dise\u00f1o gr\u00e1fico, c\u00f3digo fuente y software, son de la exclusiva propiedad de RIJAR, CONSTRUCCI\u00d3N Y JARDINER\u00cdA, SL o de terceros, cuyos derechos al respecto ostenta leg\u00edtimamente RIJAR, CONSTRUCCI\u00d3N Y JARDINER\u00cdA, SL, estando por lo tanto protegidos por la legislaci\u00f3n nacional e internacional.<\/p><p>Queda estrictamente prohibido la utilizaci\u00f3n de todos los elementos objeto de propiedad industrial e intelectual con fines comerciales as\u00ed como su distribuci\u00f3n, modificaci\u00f3n, alteraci\u00f3n o descompilaci\u00f3n.<\/p><h2>V. EXCLUSI\u00d3N DE GARANTIAS Y DE RESPONSABILIDAD<\/h2><p>RIJAR, CONSTRUCCI\u00d3N Y JARDINER\u00cdA, SL\u00a0se reserva el derecho a interrumpir el acceso al Sitio Web en cualquier momento y sin previo aviso, ya sea por motivos t\u00e9cnicos, de seguridad, de control, de mantenimiento, por fallos de suministro el\u00e9ctrico o por cualquier otra causa justificada.<\/p><p>En consecuencia, RIJAR, CONSTRUCCI\u00d3N Y JARDINER\u00cdA, SL no garantiza la fiabilidad, la disponibilidad ni la continuidad de su Sitio Web, por lo que la utilizaci\u00f3n de los mismos por parte del Usuario se lleva a cabo por su propia cuenta y riesgo, sin que, en ning\u00fan momento, puedan exigirse responsabilidades a RIJAR, CONSTRUCCI\u00d3N Y JARDINER\u00cdA, SL en este sentido.<\/p><p>RIJAR, CONSTRUCCI\u00d3N Y JARDINER\u00cdA, SL no ser\u00e1 responsable en caso de que existan interrupciones de los Servicios, demoras, errores, mal funcionamiento del mismo y, en general, dem\u00e1s inconvenientes que tengan su origen en causas que escapan del control de RIJAR, CONSTRUCCI\u00d3N Y JARDINER\u00cdA, SL y\/o debida a una actuaci\u00f3n dolosa o culposa del Usuario y\/o tenga por origen causas de caso fortuito o fuerza Mayor. Sin perjuicio de lo establecido en el art\u00edculo 1105 del C\u00f3digo Civil, se entender\u00e1n incluidos en el concepto de Fuerza Mayor, adem\u00e1s, y a los efectos de las presentes Condiciones Generales, todos aquellos acontecimientos acaecidos fuera del control de RIJAR, CONSTRUCCI\u00d3N Y JARDINER\u00cdA, SL, tales como: fallo de terceros, operadores o compa\u00f1\u00edas de servicios, actos de Gobierno, falta de acceso a redes de terceros, actos u omisiones de las Autoridades P\u00fablicas, aquellos otros producidos como consecuencia de fen\u00f3menos naturales, apagones, etc y el ataque de hackers o terceros especializados en la seguridad o integridad del sistema inform\u00e1tico, siempre que RIJAR, CONSTRUCCI\u00d3N Y JARDINER\u00cdA, SL haya adoptado las medidas de seguridad razonables de acuerdo con el estado de la t\u00e9cnica. En cualquier caso, sea cual fuere su causa, RIJAR, CONSTRUCCI\u00d3N Y JARDINER\u00cdA, SL no asumir\u00e1 responsabilidad alguna ya sea por da\u00f1os directos o indirectos, da\u00f1o emergente y\/o por lucro cesante.<\/p><p>De igual modo, RIJAR, CONSTRUCCI\u00d3N Y JARDINER\u00cdA, SL excluye cualquier responsabilidad por los da\u00f1os y perjuicios de toda clase que puedan deberse a la presencia de virus o a la presencia de otros elementos lesivos en los contenidos que puedan producir alteraci\u00f3n en los sistemas inform\u00e1ticos as\u00ed como en los documentos o sistemas almacenados en los mismos.<\/p><p>RIJAR, CONSTRUCCI\u00d3N Y JARDINER\u00cdA, SL no se hace responsable por la utilizaci\u00f3n que el Usuario realice de los Servicios del Sitio Web ni de sus contrase\u00f1as, as\u00ed como de cualquier otro material del mismo, infringiendo los derechos de propiedad intelectual o industrial o cualquier otro derecho de terceros.<\/p><p>El Usuario se obliga a mantener indemne a RIJAR, CONSTRUCCI\u00d3N Y JARDINER\u00cdA, SL, por cualquier da\u00f1o, perjuicio, sanci\u00f3n, gasto (incluyendo, sin limitaci\u00f3n, honorarios de abogados) o responsabilidad civil, administrativa o de cualquier otra \u00edndole, que pudiera sufrir RIJAR, CONSTRUCCI\u00d3N Y JARDINER\u00cdA, SL que guarde relaci\u00f3n con el incumplimiento o cumplimiento parcial o defectuoso por su parte de lo establecido en las presentes Condiciones Generales o en la legislaci\u00f3n aplicable, y, en especial, en relaci\u00f3n con sus obligaciones relativas a protecci\u00f3n de datos de car\u00e1cter personal recogidas en las presentes condiciones o establecidas en la LOPD\/RGPD y normativa de desarrollo.<\/p><h2>VI. ENLACES A OTROS SITIOS WEB<\/h2><p>RIJAR, CONSTRUCCI\u00d3N Y JARDINER\u00cdA, SL no garantiza ni asume ning\u00fan tipo de responsabilidad por los da\u00f1os y perjuicios sufridos por el acceso a Servicios de terceros a trav\u00e9s de conexiones, v\u00ednculos o links de los sitios enlazados ni sobre la exactitud o fiabilidad de los mismos. La funci\u00f3n de los enlaces que aparecen en RIJAR, CONSTRUCCI\u00d3N Y JARDINER\u00cdA, SL es exclusivamente la de informar al Usuario sobre la existencia de otras fuentes de informaci\u00f3n en Internet, donde podr\u00e1 ampliar los Servicios ofrecidos por el Portal. RIJAR, CONSTRUCCI\u00d3N Y JARDINER\u00cdA, SL no ser\u00e1 en ning\u00fan caso responsable del resultado obtenido a trav\u00e9s de dichos enlaces o de las consecuencias que se deriven del acceso por los Usuario Registrados a los mismos. Estos Servicios de terceros son proporcionados por \u00e9stos, por lo que RIJAR, CONSTRUCCI\u00d3N Y JARDINER\u00cdA, SL no puede controlar y no controla la licitud de los Servicios ni su calidad. En consecuencia, el Usuario debe extremar la prudencia en la valoraci\u00f3n y utilizaci\u00f3n de la informaci\u00f3n y servicios existentes en los contenidos de terceros.<\/p><h2>VII. LEY APLICABLE Y JURISDICCI\u00d3N<\/h2><p>Para cuantas cuestiones interpretativas o litigiosas que pudieran plantearse ser\u00e1 de aplicaci\u00f3n la legislaci\u00f3n espa\u00f1ola. Acudiendo a los tribunales de Valencia, renunciando el USUARIO a su fuero expreso.<\/p>\t\t\t\t\t\t\t\t<\/div>\n\t\t\t\t<\/div>\n\t\t\t\t<\/div>\n\t\t\t\t<\/div>\n\t\t","protected":false},"excerpt":{"rendered":"<p>Aviso Legal I. OBJETO Las presentes Condiciones Generales de Uso y Pol\u00edtica de Privacidad (en adelante, las \u00abCondiciones Generales\u00bb) regulan el uso del sitio web https:\/\/rijar.com\u00a0 (en adelante, el Sitio Web) que RIJAR, CONSTRUCCI\u00d3N Y JARDINER\u00cdA, SL pone a disposici\u00f3n de las personas que accedan a su Sitio Web con el fin de proporcionales informaci\u00f3n [&hellip;]<\/p>\n","protected":false},"author":1,"featured_media":0,"parent":0,"menu_order":0,"comment_status":"closed","ping_status":"closed","template":"elementor_header_footer","meta":{"footnotes":""},"class_list":["post-905","page","type-page","status-publish","hentry"],"_links":{"self":[{"href":"https:\/\/rijar.com\/index.php?rest_route=\/wp\/v2\/pages\/905","targetHints":{"allow":["GET"]}}],"collection":[{"href":"https:\/\/rijar.com\/index.php?rest_route=\/wp\/v2\/pages"}],"about":[{"href":"https:\/\/rijar.com\/index.php?rest_route=\/wp\/v2\/types\/page"}],"author":[{"embeddable":true,"href":"https:\/\/rijar.com\/index.php?rest_route=\/wp\/v2\/users\/1"}],"replies":[{"embeddable":true,"href":"https:\/\/rijar.com\/index.php?rest_route=%2Fwp%2Fv2%2Fcomments&post=905"}],"version-history":[{"count":4,"href":"https:\/\/rijar.com\/index.php?rest_route=\/wp\/v2\/pages\/905\/revisions"}],"predecessor-version":[{"id":909,"href":"https:\/\/rijar.com\/index.php?rest_route=\/wp\/v2\/pages\/905\/revisions\/909"}],"wp:attachment":[{"href":"https:\/\/rijar.com\/index.php?rest_route=%2Fwp%2Fv2%2Fmedia&parent=905"}],"curies":[{"name":"wp","href":"https:\/\/api.w.org\/{rel}","templated":true}]}}