{"id":300,"date":"2024-03-06T08:02:39","date_gmt":"2024-03-06T08:02:39","guid":{"rendered":"https:\/\/rijar.com\/?page_id=300"},"modified":"2024-04-17T08:26:02","modified_gmt":"2024-04-17T08:26:02","slug":"piscinas","status":"publish","type":"page","link":"https:\/\/rijar.com\/?page_id=300","title":{"rendered":"Piscinas"},"content":{"rendered":"\t\t<div data-elementor-type=\"wp-page\" data-elementor-id=\"300\" class=\"elementor elementor-300\" data-elementor-post-type=\"page\">\n\t\t\t\t<div class=\"elementor-element elementor-element-678a950 e-con-full e-flex e-con e-parent\" data-id=\"678a950\" data-element_type=\"container\" data-e-type=\"container\" data-settings=\"{&quot;background_background&quot;:&quot;classic&quot;}\">\n\t\t\t\t<div class=\"elementor-element elementor-element-7b5e1c1 elementor-invisible elementor-widget elementor-widget-heading\" data-id=\"7b5e1c1\" data-element_type=\"widget\" data-e-type=\"widget\" data-settings=\"{&quot;_animation&quot;:&quot;fadeInLeft&quot;}\" data-widget_type=\"heading.default\">\n\t\t\t\t<div class=\"elementor-widget-container\">\n\t\t\t\t\t<h1 class=\"elementor-heading-title elementor-size-default\">Piscinas<\/h1>\t\t\t\t<\/div>\n\t\t\t\t<\/div>\n\t\t\t\t<\/div>\n\t\t<div class=\"elementor-element elementor-element-4ddeb4a e-con-full e-flex e-con e-parent\" data-id=\"4ddeb4a\" data-element_type=\"container\" data-e-type=\"container\">\n\t\t<div class=\"elementor-element elementor-element-54f54a8 e-con-full e-flex e-con e-child\" data-id=\"54f54a8\" data-element_type=\"container\" data-e-type=\"container\">\n\t\t\t\t<div class=\"elementor-element elementor-element-f56d29d elementor-widget__width-auto elementor-invisible elementor-widget elementor-widget-heading\" data-id=\"f56d29d\" data-element_type=\"widget\" data-e-type=\"widget\" data-settings=\"{&quot;_animation&quot;:&quot;fadeInUp&quot;}\" data-widget_type=\"heading.default\">\n\t\t\t\t<div class=\"elementor-widget-container\">\n\t\t\t\t\t<span class=\"elementor-heading-title elementor-size-default\">Hecha Para Ti<\/span>\t\t\t\t<\/div>\n\t\t\t\t<\/div>\n\t\t\t\t<div class=\"elementor-element elementor-element-6f3a519 elementor-widget__width-initial elementor-invisible elementor-widget elementor-widget-heading\" data-id=\"6f3a519\" data-element_type=\"widget\" data-e-type=\"widget\" data-settings=\"{&quot;_animation&quot;:&quot;fadeInUp&quot;}\" data-widget_type=\"heading.default\">\n\t\t\t\t<div class=\"elementor-widget-container\">\n\t\t\t\t\t<h2 class=\"elementor-heading-title elementor-size-default\">Tu Experto En Piscinas<\/h2>\t\t\t\t<\/div>\n\t\t\t\t<\/div>\n\t\t<div class=\"elementor-element elementor-element-2cd29b6 e-flex e-con-boxed e-con e-child\" data-id=\"2cd29b6\" data-element_type=\"container\" data-e-type=\"container\">\n\t\t\t\t\t<div class=\"e-con-inner\">\n\t\t\t\t<div class=\"elementor-element elementor-element-8505778 elementor-invisible elementor-widget elementor-widget-text-editor\" data-id=\"8505778\" data-element_type=\"widget\" data-e-type=\"widget\" data-settings=\"{&quot;_animation&quot;:&quot;fadeInLeft&quot;}\" data-widget_type=\"text-editor.default\">\n\t\t\t\t<div class=\"elementor-widget-container\">\n\t\t\t\t\t\t\t\t\t<p>En Rijar, no solo construimos piscinas, sino que creamos experiencias acu\u00e1ticas excepcionales. Nos destacamos como arquitectos apasionados comprometidos con la calidad, la innovaci\u00f3n y la est\u00e9tica. Nuestra filosof\u00eda va m\u00e1s all\u00e1 de la simple instalaci\u00f3n; nos sumergimos en la creaci\u00f3n de ambientes cautivadores que reflejen la singularidad de cada cliente. Cada piscina es una obra maestra que fusiona funcionalidad y dise\u00f1o.<\/p><p>En Rijar, creemos que su espacio acu\u00e1tico debe ser un refugio donde se forjen recuerdos inolvidables. Conf\u00ede en nosotros para transformar su visi\u00f3n en una realidad tangible, donde cada chapuz\u00f3n se convierte en una experiencia \u00fanica. Con Rijar, su piscina no es solo una estructura; es una obra maestra acu\u00e1tica dise\u00f1ada para enriquecer su vida diaria.<\/p>\t\t\t\t\t\t\t\t<\/div>\n\t\t\t\t<\/div>\n\t\t\t\t\t<\/div>\n\t\t\t\t<\/div>\n\t\t\t\t<\/div>\n\t\t<div class=\"elementor-element elementor-element-c0a8eed e-con-full e-flex e-con e-child\" data-id=\"c0a8eed\" data-element_type=\"container\" data-e-type=\"container\">\n\t\t<div class=\"elementor-element elementor-element-7316026 e-con-full e-flex elementor-invisible e-con e-child\" data-id=\"7316026\" data-element_type=\"container\" data-e-type=\"container\" data-settings=\"{&quot;animation_delay&quot;:200,&quot;background_background&quot;:&quot;classic&quot;,&quot;animation&quot;:&quot;fadeInUp&quot;}\">\n\t\t\t\t<\/div>\n\t\t<div class=\"elementor-element elementor-element-3fb5c51 e-con-full e-flex elementor-invisible e-con e-child\" data-id=\"3fb5c51\" data-element_type=\"container\" data-e-type=\"container\" data-settings=\"{&quot;animation&quot;:&quot;fadeInUp&quot;,&quot;animation_delay&quot;:200,&quot;background_background&quot;:&quot;classic&quot;}\">\n\t\t\t\t<\/div>\n\t\t\t\t<\/div>\n\t\t\t\t<\/div>\n\t\t<div class=\"elementor-element elementor-element-b95cb95 e-con-full e-flex e-con e-parent\" data-id=\"b95cb95\" data-element_type=\"container\" data-e-type=\"container\">\n\t\t<div class=\"elementor-element elementor-element-e045441 e-con-full e-flex elementor-invisible e-con e-child\" data-id=\"e045441\" data-element_type=\"container\" data-e-type=\"container\" data-settings=\"{&quot;background_background&quot;:&quot;classic&quot;,&quot;animation&quot;:&quot;fadeInLeft&quot;}\">\n\t\t\t\t<div class=\"elementor-element elementor-element-a14c1ff elementor-widget elementor-widget-heading\" data-id=\"a14c1ff\" data-element_type=\"widget\" data-e-type=\"widget\" data-widget_type=\"heading.default\">\n\t\t\t\t<div class=\"elementor-widget-container\">\n\t\t\t\t\t<h3 class=\"elementor-heading-title elementor-size-default\">Piscinas Prefabricadas<\/h3>\t\t\t\t<\/div>\n\t\t\t\t<\/div>\n\t\t\t\t<div class=\"elementor-element elementor-element-26356cc elementor-invisible elementor-widget elementor-widget-text-editor\" data-id=\"26356cc\" data-element_type=\"widget\" data-e-type=\"widget\" data-settings=\"{&quot;_animation&quot;:&quot;fadeInLeft&quot;}\" data-widget_type=\"text-editor.default\">\n\t\t\t\t<div class=\"elementor-widget-container\">\n\t\t\t\t\t\t\t\t\t<p>En Rijar, ofrecemos piscinas prefabricadas elegantes y convenientes. Con una amplia variedad de tama\u00f1os y estilos, garantizamos la elecci\u00f3n perfecta para su espacio. Destacamos por la instalaci\u00f3n r\u00e1pida y el mantenimiento sencillo, gracias a sistemas avanzados.<\/p><p>Personalizamos cada colocaci\u00f3n para una integraci\u00f3n armoniosa con su hogar. Conf\u00ede en Rijar para convertir su visi\u00f3n de un espacio acu\u00e1tico funcional y atractivo en realidad.<\/p>\t\t\t\t\t\t\t\t<\/div>\n\t\t\t\t<\/div>\n\t\t\t\t<\/div>\n\t\t<div class=\"elementor-element elementor-element-b1ad266 e-con-full e-flex elementor-invisible e-con e-child\" data-id=\"b1ad266\" data-element_type=\"container\" data-e-type=\"container\" data-settings=\"{&quot;background_background&quot;:&quot;classic&quot;,&quot;animation&quot;:&quot;fadeInRight&quot;}\">\n\t\t\t\t<\/div>\n\t\t\t\t<\/div>\n\t\t<div class=\"elementor-element elementor-element-134816b e-con-full e-flex e-con e-parent\" data-id=\"134816b\" data-element_type=\"container\" data-e-type=\"container\">\n\t\t<div class=\"elementor-element elementor-element-55d41ec e-con-full e-flex elementor-invisible e-con e-child\" data-id=\"55d41ec\" data-element_type=\"container\" data-e-type=\"container\" data-settings=\"{&quot;background_background&quot;:&quot;classic&quot;,&quot;animation&quot;:&quot;fadeInLeft&quot;}\">\n\t\t\t\t<\/div>\n\t\t<div class=\"elementor-element elementor-element-99fd37b e-con-full e-flex elementor-invisible e-con e-child\" data-id=\"99fd37b\" data-element_type=\"container\" data-e-type=\"container\" data-settings=\"{&quot;background_background&quot;:&quot;classic&quot;,&quot;animation&quot;:&quot;fadeInRight&quot;}\">\n\t\t\t\t<div class=\"elementor-element elementor-element-94f0c8b elementor-invisible elementor-widget elementor-widget-heading\" data-id=\"94f0c8b\" data-element_type=\"widget\" data-e-type=\"widget\" data-settings=\"{&quot;_animation&quot;:&quot;fadeInUp&quot;}\" data-widget_type=\"heading.default\">\n\t\t\t\t<div class=\"elementor-widget-container\">\n\t\t\t\t\t<h3 class=\"elementor-heading-title elementor-size-default\">Piscinas De Obra<\/h3>\t\t\t\t<\/div>\n\t\t\t\t<\/div>\n\t\t\t\t<div class=\"elementor-element elementor-element-7089d0f elementor-invisible elementor-widget elementor-widget-text-editor\" data-id=\"7089d0f\" data-element_type=\"widget\" data-e-type=\"widget\" data-settings=\"{&quot;_animation&quot;:&quot;fadeInRight&quot;}\" data-widget_type=\"text-editor.default\">\n\t\t\t\t<div class=\"elementor-widget-container\">\n\t\t\t\t\t\t\t\t\t<p>Sum\u00e9rjase en la experiencia \u00fanica de una piscina dise\u00f1ada espec\u00edficamente para complementar su estilo de vida y hogar.<\/p><p>En Rijar, creamos piscinas de obra de todos los tama\u00f1os y estilos, adapt\u00e1ndolas perfectamente a su espacio. Desde dise\u00f1os cl\u00e1sicos hasta opciones m\u00e1s contempor\u00e1neas, nos esforzamos por proporcionarle una piscina que no solo cumpla, sino que supere sus expectativas.<\/p>\t\t\t\t\t\t\t\t<\/div>\n\t\t\t\t<\/div>\n\t\t\t\t<\/div>\n\t\t\t\t<\/div>\n\t\t<div class=\"elementor-element elementor-element-2d37552 e-con-full e-flex e-con e-parent\" data-id=\"2d37552\" data-element_type=\"container\" data-e-type=\"container\">\n\t\t\t\t<div class=\"elementor-element elementor-element-6c07011 elementor-widget__width-auto elementor-invisible elementor-widget elementor-widget-heading\" data-id=\"6c07011\" data-element_type=\"widget\" data-e-type=\"widget\" data-settings=\"{&quot;_animation&quot;:&quot;fadeInUp&quot;}\" data-widget_type=\"heading.default\">\n\t\t\t\t<div class=\"elementor-widget-container\">\n\t\t\t\t\t<span class=\"elementor-heading-title elementor-size-default\">Nuestros Trabajos<\/span>\t\t\t\t<\/div>\n\t\t\t\t<\/div>\n\t\t\t\t<div class=\"elementor-element elementor-element-cf6b451 elementor-widget-mobile__width-initial elementor-invisible elementor-widget elementor-widget-heading\" data-id=\"cf6b451\" data-element_type=\"widget\" data-e-type=\"widget\" data-settings=\"{&quot;_animation&quot;:&quot;fadeInUp&quot;}\" data-widget_type=\"heading.default\">\n\t\t\t\t<div class=\"elementor-widget-container\">\n\t\t\t\t\t<h2 class=\"elementor-heading-title elementor-size-default\">Proyectos Realizados<\/h2>\t\t\t\t<\/div>\n\t\t\t\t<\/div>\n\t\t\t\t<div class=\"elementor-element elementor-element-ddd4c64 elementor-widget elementor-widget-image\" data-id=\"ddd4c64\" data-element_type=\"widget\" data-e-type=\"widget\" data-widget_type=\"image.default\">\n\t\t\t\t<div class=\"elementor-widget-container\">\n\t\t\t\t\t\t\t\t\t\t\t\t\t\t\t<img decoding=\"async\" width=\"68\" height=\"43\" src=\"https:\/\/rijar.com\/wp-content\/uploads\/2024\/03\/slider_.gif\" class=\"attachment-large size-large wp-image-744\" alt=\"\" \/>\t\t\t\t\t\t\t\t\t\t\t\t\t\t\t<\/div>\n\t\t\t\t<\/div>\n\t\t\t\t<div class=\"elementor-element elementor-element-a216a4b elementor-widget elementor-widget-ucaddon_card_carousel\" data-id=\"a216a4b\" data-element_type=\"widget\" data-e-type=\"widget\" data-widget_type=\"ucaddon_card_carousel.default\">\n\t\t\t\t<div class=\"elementor-widget-container\">\n\t\t\t\t\t\n<!-- start Card Carousel -->\n\t\t<link id='font-awesome-css' href='https:\/\/rijar.com\/wp-content\/plugins\/unlimited-elements-for-elementor\/assets_libraries\/font-awesome6\/fontawesome-all.min.css' type='text\/css' rel='stylesheet' >\n\t\t<link id='font-awesome-4-shim-css' href='https:\/\/rijar.com\/wp-content\/plugins\/unlimited-elements-for-elementor\/assets_libraries\/font-awesome6\/fontawesome-v4-shims.min.css' type='text\/css' rel='stylesheet' >\n\t\t<link id='owl-carousel-css' href='https:\/\/rijar.com\/wp-content\/plugins\/unlimited-elements-for-elementor\/assets_libraries\/owl-carousel-new\/assets\/owl.carousel.css' type='text\/css' rel='stylesheet' >\n\t\t<link id='uc_ac_assets_file_animate_css_77907-css' href='https:\/\/rijar.com\/wp-content\/uploads\/ac_assets\/uc_classic_carousel\/animate.css' type='text\/css' rel='stylesheet' >\n\n<style>\/* widget: Card Carousel *\/\n\n#uc_card_carousel_elementor_a216a4b-wrapper{\n  min-height:1px;\n}\n\n#uc_card_carousel_elementor_a216a4b *{\n\t-webkit-box-sizing: border-box;\n\t-moz-box-sizing: border-box;\n\tbox-sizing: border-box;\n}\n\n#uc_card_carousel_elementor_a216a4b .ue-carousel-item{\n  overflow:hidden;\n  transition:0.3s;\n}\n\n#uc_card_carousel_elementor_a216a4b .uc_classic_carousel_container_holder{\n\tdisplay:block;\n\tposition:relative;\n\twidth:100%;\n    box-sizing: border-box;\n}\n#uc_card_carousel_elementor_a216a4b .uc_classic_carousel_placeholder{\n   position:relative;\n}\n\n\n#uc_card_carousel_elementor_a216a4b .uc_classic_carousel_placeholder img, #uc_card_carousel_elementor_a216a4b .ue_card_carousel_image_overlay{\n  transition: all 300ms;\n}\n\n.card_carousel_title{\n\tfont-size:21px;\n}\n\n.uc_classic_carousel .uc_classic_carousel_border{\n\tdisplay:block;\n    margin:0 auto;\n}\n\n.uc_classic_carousel  .uc_classic_carousel_placeholder img{\n\twidth:100%;    \n    display:inline-flex;\n}\n\n.uc_classic_carousel .uc_classic_carousel_content{\n  display: flex;\n  flex-flow: column nowrap;\n}\n\n.uc_classic_carousel .ue_button{\n  margin-top:auto;\n}\n\n.uc_classic_carousel .uc_classic_carousel_content .uc_more_btn {\n\tdisplay:inline-block;\n\ttext-decoration:none;\n\ttransition: all 0.5s ease;\n}\n\n#uc_card_carousel_elementor_a216a4b .owl-dots {\n  overflow:hidden;\n  text-align:center;\n}\n\n#uc_card_carousel_elementor_a216a4b .owl-dot {\n  border-radius:50%;\n  display:inline-block;\n}\n\n#uc_card_carousel_elementor_a216a4b .owl-nav .owl-prev,\n#uc_card_carousel_elementor_a216a4b .owl-nav .owl-next{\n    position:absolute;\n    display:flex;\n  \tjustify-content: center;\n  \talign-items: center;\n    text-align:center;\n}\n\n#uc_card_carousel_elementor_a216a4b .owl-nav .disabled{\n    display: none;  \n}\n\n\n#uc_card_carousel_elementor_a216a4b .ue-item-icon{\n  line-height:1em;\n  display:inline-flex;\n  justify-content:center;\n  align-items:center;  \n}\n\n#uc_card_carousel_elementor_a216a4b .ue-item-icon svg{\n  height:1em;\n  width:1em;\n}\n\n#uc_card_carousel_elementor_a216a4b .ue-item-icon-wrapper{\n  display:flex;\n}\n\n#uc_card_carousel_elementor_a216a4b .uc_classic_carousel_container_holder {\n\t max-width: ;\n}\n\n\n\n@media screen and (max-width: 1024px) {\n  #uc_card_carousel_elementor_a216a4b .uc_classic_carousel_container_holder {\n\t max-width: ;\n  }\n}\n\n@media screen and (max-width: 767px) {\n  #uc_card_carousel_elementor_a216a4b .uc_classic_carousel_container_holder {\n    max-width: ;\n  }\n}\n\n<\/style>\n\n<div class=\"uc_classic_carousel\" id=\"uc_card_carousel_elementor_a216a4b-wrapper\">\n        <div class=\"uc_carousel owl-carousel uc-items-wrapper  \" id=\"uc_card_carousel_elementor_a216a4b\"  >\n          \t<div id=\"uc_card_carousel_elementor_a216a4b_item1\" class=\"uc_classic_carousel_container_holder ue-item elementor-repeater-item-cefb911\" data-hide-item=\"false\">\n  <div class=\"ue-carousel-item\">\n      <div class=\"uc_classic_carousel_placeholder\">\n          <img fetchpriority=\"high\" decoding=\"async\" src=\"https:\/\/rijar.com\/wp-content\/uploads\/2024\/03\/jonathan-borba-3.jpg\"  src=\"https:\/\/rijar.com\/wp-content\/uploads\/2024\/03\/jonathan-borba-3.jpg\" alt=\"piscina sobre el jard\u00edn con vistas al horizonte\" width=\"762\" height=\"508\">\n          <\/div>\n    <div class=\"uc_classic_carousel_content\" style=\"direction:ltr;\">\n    \n    \n        \n    \t\n    \n      \n        \n    \n    \t\n    \n    \n    \t\n  <\/div>\n  <\/div>\n<\/div>\n<div id=\"uc_card_carousel_elementor_a216a4b_item2\" class=\"uc_classic_carousel_container_holder ue-item elementor-repeater-item-7c99681\" data-hide-item=\"false\">\n  <div class=\"ue-carousel-item\">\n      <div class=\"uc_classic_carousel_placeholder\">\n          <img decoding=\"async\" src=\"https:\/\/rijar.com\/wp-content\/uploads\/2024\/04\/IMG-20211019-WA0052-768x576.jpg\"  src=\"https:\/\/rijar.com\/wp-content\/uploads\/2024\/04\/IMG-20211019-WA0052-768x576.jpg\" alt=\"IMG-20211019-WA0052\" width=\"768\" height=\"576\">\n          <\/div>\n    <div class=\"uc_classic_carousel_content\" style=\"direction:ltr;\">\n    \n    \n        \n    \t\n    \n      \n        \n    \n    \t\n    \n    \n    \t\n  <\/div>\n  <\/div>\n<\/div>\n<div id=\"uc_card_carousel_elementor_a216a4b_item3\" class=\"uc_classic_carousel_container_holder ue-item elementor-repeater-item-7506dd2\" data-hide-item=\"false\">\n  <div class=\"ue-carousel-item\">\n      <div class=\"uc_classic_carousel_placeholder\">\n          <img loading=\"lazy\" decoding=\"async\" src=\"https:\/\/rijar.com\/wp-content\/uploads\/2024\/04\/Ce\u2560usped-artificial-con-piscina-y-tarima-768x576.jpg\"  src=\"https:\/\/rijar.com\/wp-content\/uploads\/2024\/04\/Ce\u2560usped-artificial-con-piscina-y-tarima-768x576.jpg\" alt=\"Ce\u2560\u00fcsped artificial con piscina y tarima\" width=\"768\" height=\"576\">\n          <\/div>\n    <div class=\"uc_classic_carousel_content\" style=\"direction:ltr;\">\n    \n    \n        \n    \t\n    \n      \n        \n    \n    \t\n    \n    \n    \t\n  <\/div>\n  <\/div>\n<\/div>\n<div id=\"uc_card_carousel_elementor_a216a4b_item4\" class=\"uc_classic_carousel_container_holder ue-item elementor-repeater-item-f4f41be\" data-hide-item=\"false\">\n  <div class=\"ue-carousel-item\">\n      <div class=\"uc_classic_carousel_placeholder\">\n          <img loading=\"lazy\" decoding=\"async\" src=\"https:\/\/rijar.com\/wp-content\/uploads\/2024\/03\/jonathan-borba-23fOdH9Zrwc-unsplash.jpg\"  src=\"https:\/\/rijar.com\/wp-content\/uploads\/2024\/03\/jonathan-borba-23fOdH9Zrwc-unsplash.jpg\" alt=\"Piscina oculta tras gran vegetaci\u00f3n\" width=\"762\" height=\"508\">\n          <\/div>\n    <div class=\"uc_classic_carousel_content\" style=\"direction:ltr;\">\n    \n    \n        \n    \t\n    \n      \n        \n    \n    \t\n    \n    \n    \t\n  <\/div>\n  <\/div>\n<\/div>\n\n      <\/div>\n<\/div>\n<!-- end Card Carousel -->\t\t\t\t<\/div>\n\t\t\t\t<\/div>\n\t\t\t\t<\/div>\n\t\t\t\t<\/div>\n\t\t","protected":false},"excerpt":{"rendered":"<p>Piscinas Hecha Para Ti Tu Experto En Piscinas En Rijar, no solo construimos piscinas, sino que creamos experiencias acu\u00e1ticas excepcionales. Nos destacamos como arquitectos apasionados comprometidos con la calidad, la innovaci\u00f3n y la est\u00e9tica. Nuestra filosof\u00eda va m\u00e1s all\u00e1 de la simple instalaci\u00f3n; nos sumergimos en la creaci\u00f3n de ambientes cautivadores que reflejen la singularidad [&hellip;]<\/p>\n","protected":false},"author":1,"featured_media":0,"parent":0,"menu_order":0,"comment_status":"closed","ping_status":"closed","template":"elementor_header_footer","meta":{"footnotes":""},"class_list":["post-300","page","type-page","status-publish","hentry"],"_links":{"self":[{"href":"https:\/\/rijar.com\/index.php?rest_route=\/wp\/v2\/pages\/300","targetHints":{"allow":["GET"]}}],"collection":[{"href":"https:\/\/rijar.com\/index.php?rest_route=\/wp\/v2\/pages"}],"about":[{"href":"https:\/\/rijar.com\/index.php?rest_route=\/wp\/v2\/types\/page"}],"author":[{"embeddable":true,"href":"https:\/\/rijar.com\/index.php?rest_route=\/wp\/v2\/users\/1"}],"replies":[{"embeddable":true,"href":"https:\/\/rijar.com\/index.php?rest_route=%2Fwp%2Fv2%2Fcomments&post=300"}],"version-history":[{"count":43,"href":"https:\/\/rijar.com\/index.php?rest_route=\/wp\/v2\/pages\/300\/revisions"}],"predecessor-version":[{"id":1110,"href":"https:\/\/rijar.com\/index.php?rest_route=\/wp\/v2\/pages\/300\/revisions\/1110"}],"wp:attachment":[{"href":"https:\/\/rijar.com\/index.php?rest_route=%2Fwp%2Fv2%2Fmedia&parent=300"}],"curies":[{"name":"wp","href":"https:\/\/api.w.org\/{rel}","templated":true}]}}