{"id":189,"date":"2024-03-05T10:26:49","date_gmt":"2024-03-05T10:26:49","guid":{"rendered":"https:\/\/rijar.com\/?page_id=189"},"modified":"2024-04-17T07:58:27","modified_gmt":"2024-04-17T07:58:27","slug":"nosotros","status":"publish","type":"page","link":"https:\/\/rijar.com\/?page_id=189","title":{"rendered":"Nosotros"},"content":{"rendered":"\t\t<div data-elementor-type=\"wp-page\" data-elementor-id=\"189\" class=\"elementor elementor-189\" data-elementor-post-type=\"page\">\n\t\t\t\t<div class=\"elementor-element elementor-element-c7bf1b2 e-con-full e-flex e-con e-parent\" data-id=\"c7bf1b2\" data-element_type=\"container\" data-e-type=\"container\" data-settings=\"{&quot;background_background&quot;:&quot;classic&quot;}\">\n\t\t\t\t<div class=\"elementor-element elementor-element-2fbf61e elementor-invisible elementor-widget elementor-widget-heading\" data-id=\"2fbf61e\" data-element_type=\"widget\" data-e-type=\"widget\" data-settings=\"{&quot;_animation&quot;:&quot;fadeInLeft&quot;}\" data-widget_type=\"heading.default\">\n\t\t\t\t<div class=\"elementor-widget-container\">\n\t\t\t\t\t<h1 class=\"elementor-heading-title elementor-size-default\">Conoce RIJAR<\/h1>\t\t\t\t<\/div>\n\t\t\t\t<\/div>\n\t\t\t\t<\/div>\n\t\t<div class=\"elementor-element elementor-element-7853c30 e-con-full e-flex e-con e-parent\" data-id=\"7853c30\" data-element_type=\"container\" data-e-type=\"container\">\n\t\t<div class=\"elementor-element elementor-element-dc18d1c e-con-full e-flex e-con e-child\" data-id=\"dc18d1c\" data-element_type=\"container\" data-e-type=\"container\">\n\t\t\t\t<div class=\"elementor-element elementor-element-42cce1c elementor-widget__width-auto elementor-invisible elementor-widget elementor-widget-heading\" data-id=\"42cce1c\" data-element_type=\"widget\" data-e-type=\"widget\" data-settings=\"{&quot;_animation&quot;:&quot;fadeInUp&quot;}\" data-widget_type=\"heading.default\">\n\t\t\t\t<div class=\"elementor-widget-container\">\n\t\t\t\t\t<span class=\"elementor-heading-title elementor-size-default\">Con\u00f3cenos<\/span>\t\t\t\t<\/div>\n\t\t\t\t<\/div>\n\t\t\t\t<div class=\"elementor-element elementor-element-af8b966 elementor-invisible elementor-widget elementor-widget-heading\" data-id=\"af8b966\" data-element_type=\"widget\" data-e-type=\"widget\" data-settings=\"{&quot;_animation&quot;:&quot;fadeInUp&quot;}\" data-widget_type=\"heading.default\">\n\t\t\t\t<div class=\"elementor-widget-container\">\n\t\t\t\t\t<h2 class=\"elementor-heading-title elementor-size-default\">Nuestra Filosof\u00eda<\/h2>\t\t\t\t<\/div>\n\t\t\t\t<\/div>\n\t\t\t\t<div class=\"elementor-element elementor-element-e7df721 elementor-widget__width-initial elementor-invisible elementor-widget elementor-widget-text-editor\" data-id=\"e7df721\" data-element_type=\"widget\" data-e-type=\"widget\" data-settings=\"{&quot;_animation&quot;:&quot;fadeInLeft&quot;}\" data-widget_type=\"text-editor.default\">\n\t\t\t\t<div class=\"elementor-widget-container\">\n\t\t\t\t\t\t\t\t\t<p>Nos destacamos por nuestra filosof\u00eda centrada en el cliente. Creemos que cada proyecto es \u00fanico y merece ser tratado con atenci\u00f3n personalizada. Desde el primer boceto hasta la finalizaci\u00f3n, trabajamos en estrecha colaboraci\u00f3n con nuestros clientes para asegurarnos de que su visi\u00f3n se materialice de manera impecable.<\/p><p>Nuestra mayor satisfacci\u00f3n es ver a nuestros clientes felices y satisfechos con el resultado final. A lo largo de los a\u00f1os, hemos construido relaciones s\u00f3lidas con aquellos que conf\u00edan en nosotros para dar vida a sus proyectos. Cada testimonio de cliente satisfecho es un testimonio de nuestro compromiso constante con la excelencia y la atenci\u00f3n al detalle.<\/p>\t\t\t\t\t\t\t\t<\/div>\n\t\t\t\t<\/div>\n\t\t\t\t<\/div>\n\t\t<div class=\"elementor-element elementor-element-cdfdad0 e-con-full e-flex elementor-invisible e-con e-child\" data-id=\"cdfdad0\" data-element_type=\"container\" data-e-type=\"container\" data-settings=\"{&quot;animation&quot;:&quot;fadeInRight&quot;}\">\n\t\t\t\t<div class=\"elementor-element elementor-element-1554c7d elementor-widget elementor-widget-image\" data-id=\"1554c7d\" data-element_type=\"widget\" data-e-type=\"widget\" data-widget_type=\"image.default\">\n\t\t\t\t<div class=\"elementor-widget-container\">\n\t\t\t\t\t\t\t\t\t\t\t\t\t\t\t<img decoding=\"async\" width=\"68\" height=\"43\" src=\"https:\/\/rijar.com\/wp-content\/uploads\/2024\/03\/slider_.gif\" class=\"attachment-large size-large wp-image-744\" alt=\"\" \/>\t\t\t\t\t\t\t\t\t\t\t\t\t\t\t<\/div>\n\t\t\t\t<\/div>\n\t\t\t\t<div class=\"elementor-element elementor-element-507db4e elementor-widget elementor-widget-ucaddon_uc_slider_image\" data-id=\"507db4e\" data-element_type=\"widget\" data-e-type=\"widget\" data-widget_type=\"ucaddon_uc_slider_image.default\">\n\t\t\t\t<div class=\"elementor-widget-container\">\n\t\t\t\t\t\n<!-- start Slider Gallery -->\n\t\t<link id='unitegallery-css' href='https:\/\/rijar.com\/wp-content\/plugins\/unlimited-elements-for-elementor\/assets_libraries\/unitegallery\/css\/unite-gallery.css' type='text\/css' rel='stylesheet' >\n\n<style>\/* widget: Slider Gallery *\/\n\n#uc_uc_slider_image_elementor_507db4e\n{\n  overflow:hidden;\n}\n\n#uc_uc_slider_image_elementor_507db4e-wrapper\n{\n  min-height:1px;\n}\n\n<\/style>\n\n<div id=\"uc_uc_slider_image_elementor_507db4e-wrapper\">\n<div id=\"uc_uc_slider_image_elementor_507db4e\" class=\"uc-items-wrapper  \" style=\"display:none; margin:0 auto;\"  data-remote-type=\"gallery\" data-custom-sethtml=\"true\" >\n\n\n<img decoding=\"async\" alt=\"Enmascarar grupo 123\"\n   src=\"https:\/\/rijar.com\/wp-content\/uploads\/2024\/03\/Enmascarar-grupo-123-768x453.jpg\"\n    data-image=\"https:\/\/rijar.com\/wp-content\/uploads\/2024\/03\/Enmascarar-grupo-123.jpg\"\n    data-title=\"Enmascarar grupo 123\">\n\n<img decoding=\"async\" alt=\"Enmascarar grupo 122\"\n   src=\"https:\/\/rijar.com\/wp-content\/uploads\/2024\/03\/Enmascarar-grupo-122-768x453.jpg\"\n    data-image=\"https:\/\/rijar.com\/wp-content\/uploads\/2024\/03\/Enmascarar-grupo-122.jpg\"\n    data-title=\"Enmascarar grupo 122\">\n\n<img decoding=\"async\" alt=\"Enmascarar grupo 124\"\n   src=\"https:\/\/rijar.com\/wp-content\/uploads\/2024\/03\/Enmascarar-grupo-124-768x448.jpg\"\n    data-image=\"https:\/\/rijar.com\/wp-content\/uploads\/2024\/03\/Enmascarar-grupo-124.jpg\"\n    data-title=\"Enmascarar grupo 124\">\n\n<img decoding=\"async\" alt=\"Ce\u2560\u00fcsped artificial con piscina y tarima\"\n   src=\"https:\/\/rijar.com\/wp-content\/uploads\/2024\/04\/Ce\u2560usped-artificial-con-piscina-y-tarima-768x576.jpg\"\n    data-image=\"https:\/\/rijar.com\/wp-content\/uploads\/2024\/04\/Ce\u2560usped-artificial-con-piscina-y-tarima-1024x768.jpg\"\n    data-title=\"Ce\u2560\u00fcsped artificial con piscina y tarima\">\n\n  \n<\/div>\n<\/div>\n<!-- end Slider Gallery -->\t\t\t\t<\/div>\n\t\t\t\t<\/div>\n\t\t\t\t<\/div>\n\t\t\t\t<\/div>\n\t\t<div class=\"elementor-element elementor-element-7b93d26 e-con-full e-flex e-con e-parent\" data-id=\"7b93d26\" data-element_type=\"container\" data-e-type=\"container\">\n\t\t<div class=\"elementor-element elementor-element-4cb0e4b e-con-full e-flex elementor-invisible e-con e-child\" data-id=\"4cb0e4b\" data-element_type=\"container\" data-e-type=\"container\" data-settings=\"{&quot;background_background&quot;:&quot;classic&quot;,&quot;animation&quot;:&quot;fadeInLeft&quot;}\">\n\t\t\t\t<div class=\"elementor-element elementor-element-1a2aecc elementor-widget elementor-widget-heading\" data-id=\"1a2aecc\" data-element_type=\"widget\" data-e-type=\"widget\" data-widget_type=\"heading.default\">\n\t\t\t\t<div class=\"elementor-widget-container\">\n\t\t\t\t\t<h3 class=\"elementor-heading-title elementor-size-default\">+25 a\u00f1os<\/h3>\t\t\t\t<\/div>\n\t\t\t\t<\/div>\n\t\t\t\t<div class=\"elementor-element elementor-element-bdca11d elementor-invisible elementor-widget elementor-widget-text-editor\" data-id=\"bdca11d\" data-element_type=\"widget\" data-e-type=\"widget\" data-settings=\"{&quot;_animation&quot;:&quot;fadeInLeft&quot;}\" data-widget_type=\"text-editor.default\">\n\t\t\t\t<div class=\"elementor-widget-container\">\n\t\t\t\t\t\t\t\t\t<p>Con m\u00e1s de dos d\u00e9cadas de experiencia en la industria de la construcci\u00f3n y el dise\u00f1o de exteriores, en Rijar hemos sido testigos y protagonistas de la evoluci\u00f3n del arte de construir. Nuestra trayectoria de m\u00e1s de 20 a\u00f1os es un testimonio de nuestro compromiso constante con la excelencia y la satisfacci\u00f3n del cliente.<\/p><p>A lo largo de los a\u00f1os, hemos perfeccionado nuestra artesan\u00eda, incorporando las \u00faltimas tendencias, tecnolog\u00edas y pr\u00e1cticas sostenibles en cada proyecto. Cada estructura y dise\u00f1o de jardines que creamos es el resultado de a\u00f1os de experiencia, dedicaci\u00f3n y un aprecio profundo por la est\u00e9tica y la funcionalidad.<\/p>\t\t\t\t\t\t\t\t<\/div>\n\t\t\t\t<\/div>\n\t\t\t\t<\/div>\n\t\t<div class=\"elementor-element elementor-element-0475926 e-con-full e-flex elementor-invisible e-con e-child\" data-id=\"0475926\" data-element_type=\"container\" data-e-type=\"container\" data-settings=\"{&quot;background_background&quot;:&quot;classic&quot;,&quot;animation&quot;:&quot;fadeInRight&quot;}\">\n\t\t\t\t<\/div>\n\t\t\t\t<\/div>\n\t\t<div class=\"elementor-element elementor-element-04554ec e-con-full e-flex e-con e-parent\" data-id=\"04554ec\" data-element_type=\"container\" data-e-type=\"container\">\n\t\t<div class=\"elementor-element elementor-element-6834191 e-con-full e-flex elementor-invisible e-con e-child\" data-id=\"6834191\" data-element_type=\"container\" data-e-type=\"container\" data-settings=\"{&quot;background_background&quot;:&quot;classic&quot;,&quot;animation&quot;:&quot;fadeInLeft&quot;}\">\n\t\t\t\t<\/div>\n\t\t<div class=\"elementor-element elementor-element-5a7c22c e-con-full e-flex elementor-invisible e-con e-child\" data-id=\"5a7c22c\" data-element_type=\"container\" data-e-type=\"container\" data-settings=\"{&quot;background_background&quot;:&quot;classic&quot;,&quot;animation&quot;:&quot;fadeInRight&quot;}\">\n\t\t\t\t<div class=\"elementor-element elementor-element-a1e65bf elementor-widget elementor-widget-heading\" data-id=\"a1e65bf\" data-element_type=\"widget\" data-e-type=\"widget\" data-widget_type=\"heading.default\">\n\t\t\t\t<div class=\"elementor-widget-container\">\n\t\t\t\t\t<h3 class=\"elementor-heading-title elementor-size-default\">Sostenibilidad y Responsabilidad Ambiental<\/h3>\t\t\t\t<\/div>\n\t\t\t\t<\/div>\n\t\t\t\t<div class=\"elementor-element elementor-element-40e3457 elementor-widget elementor-widget-text-editor\" data-id=\"40e3457\" data-element_type=\"widget\" data-e-type=\"widget\" data-widget_type=\"text-editor.default\">\n\t\t\t\t<div class=\"elementor-widget-container\">\n\t\t\t\t\t\t\t\t\t<p>Somos conscientes de nuestro impacto en el medio ambiente y nos esforzamos por incorporar pr\u00e1cticas sostenibles en nuestros proyectos.<\/p><p>Desde la elecci\u00f3n de materiales hasta la implementaci\u00f3n de sistemas de riego eficientes, buscamos minimizar nuestra huella ecol\u00f3gica mientras creamos espacios hermosos y funcionales.<\/p>\t\t\t\t\t\t\t\t<\/div>\n\t\t\t\t<\/div>\n\t\t\t\t<\/div>\n\t\t\t\t<\/div>\n\t\t<div class=\"elementor-element elementor-element-ea533e8 e-con-full e-flex e-con e-parent\" data-id=\"ea533e8\" data-element_type=\"container\" data-e-type=\"container\">\n\t\t<div class=\"elementor-element elementor-element-fdee759 e-con-full e-flex e-con e-child\" data-id=\"fdee759\" data-element_type=\"container\" data-e-type=\"container\">\n\t\t<div class=\"elementor-element elementor-element-e7c4d0a e-con-full e-flex elementor-invisible e-con e-child\" data-id=\"e7c4d0a\" data-element_type=\"container\" data-e-type=\"container\" data-settings=\"{&quot;animation&quot;:&quot;fadeInUp&quot;,&quot;animation_delay&quot;:200,&quot;background_background&quot;:&quot;classic&quot;}\">\n\t\t\t\t<\/div>\n\t\t<div class=\"elementor-element elementor-element-22cf027 e-con-full e-flex elementor-invisible e-con e-child\" data-id=\"22cf027\" data-element_type=\"container\" data-e-type=\"container\" data-settings=\"{&quot;animation&quot;:&quot;fadeInUp&quot;,&quot;animation_delay&quot;:200,&quot;background_background&quot;:&quot;classic&quot;}\">\n\t\t\t\t<\/div>\n\t\t\t\t<\/div>\n\t\t<div class=\"elementor-element elementor-element-e4cb102 e-con-full e-flex e-con e-child\" data-id=\"e4cb102\" data-element_type=\"container\" data-e-type=\"container\">\n\t\t\t\t<div class=\"elementor-element elementor-element-ac4330b elementor-widget__width-auto elementor-invisible elementor-widget elementor-widget-heading\" data-id=\"ac4330b\" data-element_type=\"widget\" data-e-type=\"widget\" data-settings=\"{&quot;_animation&quot;:&quot;fadeInUp&quot;}\" data-widget_type=\"heading.default\">\n\t\t\t\t<div class=\"elementor-widget-container\">\n\t\t\t\t\t<span class=\"elementor-heading-title elementor-size-default\">Compromiso<\/span>\t\t\t\t<\/div>\n\t\t\t\t<\/div>\n\t\t\t\t<div class=\"elementor-element elementor-element-ee45fd4 elementor-invisible elementor-widget elementor-widget-heading\" data-id=\"ee45fd4\" data-element_type=\"widget\" data-e-type=\"widget\" data-settings=\"{&quot;_animation&quot;:&quot;fadeInUp&quot;}\" data-widget_type=\"heading.default\">\n\t\t\t\t<div class=\"elementor-widget-container\">\n\t\t\t\t\t<h2 class=\"elementor-heading-title elementor-size-default\">Calidad &amp; Innovaci\u00f3n<\/h2>\t\t\t\t<\/div>\n\t\t\t\t<\/div>\n\t\t<div class=\"elementor-element elementor-element-295234d e-flex e-con-boxed e-con e-child\" data-id=\"295234d\" data-element_type=\"container\" data-e-type=\"container\">\n\t\t\t\t\t<div class=\"e-con-inner\">\n\t\t\t\t<div class=\"elementor-element elementor-element-db4e20f elementor-invisible elementor-widget elementor-widget-text-editor\" data-id=\"db4e20f\" data-element_type=\"widget\" data-e-type=\"widget\" data-settings=\"{&quot;_animation&quot;:&quot;fadeInRight&quot;}\" data-widget_type=\"text-editor.default\">\n\t\t\t\t<div class=\"elementor-widget-container\">\n\t\t\t\t\t\t\t\t\t<p>En Rijar, la calidad y la innovaci\u00f3n son pilares fundamentales que definen nuestra pr\u00e1ctica diaria.<\/p><p>Nuestra b\u00fasqueda constante de la excelencia se refleja en cada detalle de nuestros proyectos, respaldada por m\u00e1s de dos d\u00e9cadas de experiencia en la industria. En la b\u00fasqueda de la calidad, seleccionamos cuidadosamente los materiales de construcci\u00f3n de la m\u00e1s alta calidad, garantizando durabilidad y resistencia. Nos esforzamos por ir m\u00e1s all\u00e1 de las expectativas, adoptando tecnolog\u00edas avanzadas y m\u00e9todos de construcci\u00f3n innovadores que no solo cumplen con los est\u00e1ndares actuales, sino que tambi\u00e9n anticipan las necesidades futuras. La innovaci\u00f3n se manifiesta en cada proyecto, desde el dise\u00f1o arquitect\u00f3nico hasta la implementaci\u00f3n de soluciones sostenibles que respetan el medio ambiente.<\/p>\t\t\t\t\t\t\t\t<\/div>\n\t\t\t\t<\/div>\n\t\t\t\t\t<\/div>\n\t\t\t\t<\/div>\n\t\t\t\t<\/div>\n\t\t\t\t<\/div>\n\t\t<div class=\"elementor-element elementor-element-37e5647 e-con-full e-flex e-con e-parent\" data-id=\"37e5647\" data-element_type=\"container\" data-e-type=\"container\" data-settings=\"{&quot;background_background&quot;:&quot;classic&quot;}\">\n\t\t<div class=\"elementor-element elementor-element-99b5b5c e-con-full e-flex e-con e-child\" data-id=\"99b5b5c\" data-element_type=\"container\" data-e-type=\"container\" data-settings=\"{&quot;background_background&quot;:&quot;classic&quot;}\">\n\t\t\t\t<div class=\"elementor-element elementor-element-def9f90 elementor-widget__width-auto elementor-invisible elementor-widget elementor-widget-heading\" data-id=\"def9f90\" data-element_type=\"widget\" data-e-type=\"widget\" data-settings=\"{&quot;_animation&quot;:&quot;fadeInUp&quot;}\" data-widget_type=\"heading.default\">\n\t\t\t\t<div class=\"elementor-widget-container\">\n\t\t\t\t\t<span class=\"elementor-heading-title elementor-size-default\">Cont\u00e1ctanos<\/span>\t\t\t\t<\/div>\n\t\t\t\t<\/div>\n\t\t\t\t<div class=\"elementor-element elementor-element-1d5dd28 elementor-invisible elementor-widget elementor-widget-heading\" data-id=\"1d5dd28\" data-element_type=\"widget\" data-e-type=\"widget\" data-settings=\"{&quot;_animation&quot;:&quot;fadeInUp&quot;}\" data-widget_type=\"heading.default\">\n\t\t\t\t<div class=\"elementor-widget-container\">\n\t\t\t\t\t<h2 class=\"elementor-heading-title elementor-size-default\">Tu Visi\u00f3n, Nuestra Realidad<\/h2>\t\t\t\t<\/div>\n\t\t\t\t<\/div>\n\t\t<a class=\"elementor-element elementor-element-44c3915 e-con-full e-flex elementor-invisible e-con e-child\" data-id=\"44c3915\" data-element_type=\"container\" data-e-type=\"container\" data-settings=\"{&quot;background_background&quot;:&quot;classic&quot;,&quot;animation&quot;:&quot;fadeInUp&quot;,&quot;animation_delay&quot;:200}\" href=\"https:\/\/rijar.com\/contacto\/\">\n\t\t\t\t<div class=\"elementor-element elementor-element-c4c604e elementor-widget elementor-widget-heading\" data-id=\"c4c604e\" data-element_type=\"widget\" data-e-type=\"widget\" data-widget_type=\"heading.default\">\n\t\t\t\t<div class=\"elementor-widget-container\">\n\t\t\t\t\t<span class=\"elementor-heading-title elementor-size-default\">Tengo un proyecto entre manos<\/span>\t\t\t\t<\/div>\n\t\t\t\t<\/div>\n\t\t\t\t<div class=\"elementor-element elementor-element-50360fa elementor-view-default elementor-invisible elementor-widget elementor-widget-icon\" data-id=\"50360fa\" data-element_type=\"widget\" data-e-type=\"widget\" data-settings=\"{&quot;_animation&quot;:&quot;slideInLeft&quot;,&quot;_animation_delay&quot;:300}\" data-widget_type=\"icon.default\">\n\t\t\t\t<div class=\"elementor-widget-container\">\n\t\t\t\t\t\t\t<div class=\"elementor-icon-wrapper\">\n\t\t\t<div class=\"elementor-icon\">\n\t\t\t<svg aria-hidden=\"true\" class=\"e-font-icon-svg e-fas-arrow-circle-right\" viewBox=\"0 0 512 512\" xmlns=\"http:\/\/www.w3.org\/2000\/svg\"><path d=\"M256 8c137 0 248 111 248 248S393 504 256 504 8 393 8 256 119 8 256 8zm-28.9 143.6l75.5 72.4H120c-13.3 0-24 10.7-24 24v16c0 13.3 10.7 24 24 24h182.6l-75.5 72.4c-9.7 9.3-9.9 24.8-.4 34.3l11 10.9c9.4 9.4 24.6 9.4 33.9 0L404.3 273c9.4-9.4 9.4-24.6 0-33.9L271.6 106.3c-9.4-9.4-24.6-9.4-33.9 0l-11 10.9c-9.5 9.6-9.3 25.1.4 34.4z\"><\/path><\/svg>\t\t\t<\/div>\n\t\t<\/div>\n\t\t\t\t\t\t<\/div>\n\t\t\t\t<\/div>\n\t\t\t\t<\/a>\n\t\t\t\t<\/div>\n\t\t\t\t<\/div>\n\t\t\t\t<\/div>\n\t\t","protected":false},"excerpt":{"rendered":"<p>Conoce RIJAR Con\u00f3cenos Nuestra Filosof\u00eda Nos destacamos por nuestra filosof\u00eda centrada en el cliente. Creemos que cada proyecto es \u00fanico y merece ser tratado con atenci\u00f3n personalizada. Desde el primer boceto hasta la finalizaci\u00f3n, trabajamos en estrecha colaboraci\u00f3n con nuestros clientes para asegurarnos de que su visi\u00f3n se materialice de manera impecable. Nuestra mayor satisfacci\u00f3n [&hellip;]<\/p>\n","protected":false},"author":1,"featured_media":0,"parent":0,"menu_order":0,"comment_status":"closed","ping_status":"closed","template":"elementor_header_footer","meta":{"footnotes":""},"class_list":["post-189","page","type-page","status-publish","hentry"],"_links":{"self":[{"href":"https:\/\/rijar.com\/index.php?rest_route=\/wp\/v2\/pages\/189","targetHints":{"allow":["GET"]}}],"collection":[{"href":"https:\/\/rijar.com\/index.php?rest_route=\/wp\/v2\/pages"}],"about":[{"href":"https:\/\/rijar.com\/index.php?rest_route=\/wp\/v2\/types\/page"}],"author":[{"embeddable":true,"href":"https:\/\/rijar.com\/index.php?rest_route=\/wp\/v2\/users\/1"}],"replies":[{"embeddable":true,"href":"https:\/\/rijar.com\/index.php?rest_route=%2Fwp%2Fv2%2Fcomments&post=189"}],"version-history":[{"count":121,"href":"https:\/\/rijar.com\/index.php?rest_route=\/wp\/v2\/pages\/189\/revisions"}],"predecessor-version":[{"id":1039,"href":"https:\/\/rijar.com\/index.php?rest_route=\/wp\/v2\/pages\/189\/revisions\/1039"}],"wp:attachment":[{"href":"https:\/\/rijar.com\/index.php?rest_route=%2Fwp%2Fv2%2Fmedia&parent=189"}],"curies":[{"name":"wp","href":"https:\/\/api.w.org\/{rel}","templated":true}]}}